{"id":6235,"date":"2026-03-09T16:27:49","date_gmt":"2026-03-09T16:27:49","guid":{"rendered":"https:\/\/viktoria.brooklynseopro.com\/declaracion-de-accesibilidad\/"},"modified":"2026-03-12T16:06:05","modified_gmt":"2026-03-12T16:06:05","slug":"declaracion-de-accesibilidad","status":"publish","type":"page","link":"https:\/\/www.trooper2lawyer.com\/es\/declaracion-de-accesibilidad\/","title":{"rendered":"Declaraci\u00f3n de accesibilidad"},"content":{"rendered":"\t\t<div data-elementor-type=\"wp-page\" data-elementor-id=\"6235\" class=\"elementor elementor-6235 elementor-5167\" data-elementor-post-type=\"page\">\n\t\t\t\t<div class=\"elementor-element elementor-element-ccaaab5 e-con-full e-flex e-con e-parent\" data-id=\"ccaaab5\" data-element_type=\"container\" data-e-type=\"container\" data-settings=\"{&quot;background_background&quot;:&quot;classic&quot;}\">\n\t\t<div class=\"elementor-element elementor-element-9a3a031 e-con-full e-flex e-con e-child\" data-id=\"9a3a031\" data-element_type=\"container\" data-e-type=\"container\" data-settings=\"{&quot;background_background&quot;:&quot;classic&quot;}\">\n\t\t\t\t<\/div>\n\t\t<div class=\"elementor-element elementor-element-84ec058 e-con-full e-flex e-con e-child\" data-id=\"84ec058\" data-element_type=\"container\" data-e-type=\"container\" data-settings=\"{&quot;background_background&quot;:&quot;classic&quot;}\">\n\t\t<div class=\"elementor-element elementor-element-0195ebb e-flex e-con-boxed e-con e-child\" data-id=\"0195ebb\" data-element_type=\"container\" data-e-type=\"container\">\n\t\t\t\t\t<div class=\"e-con-inner\">\n\t\t\t\t<div class=\"elementor-element elementor-element-e578b13 elementor-widget elementor-widget-heading\" data-id=\"e578b13\" data-element_type=\"widget\" data-e-type=\"widget\" data-widget_type=\"heading.default\">\n\t\t\t\t<div class=\"elementor-widget-container\">\n\t\t\t\t\t<h1 class=\"elementor-heading-title elementor-size-default\">Declaraci\u00f3n de accesibilidad\n<\/h1>\t\t\t\t<\/div>\n\t\t\t\t<\/div>\n\t\t\t\t\t<\/div>\n\t\t\t\t<\/div>\n\t\t\t\t<\/div>\n\t\t\t\t<\/div>\n\t\t<div class=\"elementor-element elementor-element-b12ba96 e-flex e-con-boxed e-con e-parent\" data-id=\"b12ba96\" data-element_type=\"container\" data-e-type=\"container\">\n\t\t\t\t\t<div class=\"e-con-inner\">\n\t\t<div class=\"elementor-element elementor-element-1146a7c e-con-full e-flex e-con e-child\" data-id=\"1146a7c\" data-element_type=\"container\" data-e-type=\"container\">\n\t\t\t\t<div class=\"elementor-element elementor-element-9d94af7 elementor-widget elementor-widget-text-editor\" data-id=\"9d94af7\" data-element_type=\"widget\" data-e-type=\"widget\" data-widget_type=\"text-editor.default\">\n\t\t\t\t<div class=\"elementor-widget-container\">\n\t\t\t\t\t\t\t\t\t<h2 data-spkac-font-size=\"26\">General<\/h2><p data-spkac-font-size=\"16\">Trooper2lawyer.com se esfuerza por garantizar que sus servicios sean accesibles para las personas con discapacidad. Trooper2lawyer.com ha invertido una cantidad significativa de recursos para ayudar a garantizar que su sitio web sea m\u00e1s f\u00e1cil de usar y m\u00e1s accesible para las personas con discapacidad, con la firme convicci\u00f3n de que toda persona tiene derecho a vivir con dignidad, igualdad, comodidad e independencia. <\/p><h2 data-spkac-font-size=\"26\">Activar el men\u00fa de accesibilidad<\/h2><p data-spkac-font-size=\"16\">El men\u00fa de accesibilidad de Trooper2lawyer.com puede activarse haciendo clic en el icono del men\u00fa de accesibilidad que aparece en la esquina de la p\u00e1gina. Despu\u00e9s de activar el men\u00fa de accesibilidad, espera un momento a que el men\u00fa de accesibilidad se cargue por completo. <\/p><h2 data-spkac-font-size=\"26\">Descargo de responsabilidad<\/h2><p data-spkac-font-size=\"16\">Trooper2lawyer.com sigue esforz\u00e1ndose por mejorar constantemente la accesibilidad de su sitio web y sus servicios, con la convicci\u00f3n de que es nuestra obligaci\u00f3n moral colectiva permitir un uso fluido, accesible y sin trabas tambi\u00e9n para quienes tenemos alguna discapacidad.<\/p><p data-spkac-font-size=\"16\">A pesar de nuestros esfuerzos por hacer que todas las p\u00e1ginas y contenidos de trooper2lawyer.com sean plenamente accesibles, es posible que algunos contenidos a\u00fan no se hayan adaptado completamente a las normas de accesibilidad m\u00e1s estrictas. Esto puede ser consecuencia de no haber encontrado o identificado la soluci\u00f3n tecnol\u00f3gica m\u00e1s adecuada. <\/p><h2 data-spkac-font-size=\"26\">Aqu\u00ed por ti<\/h2><p data-spkac-font-size=\"16\">Si tienes dificultades con alg\u00fan contenido de trooper2lawyer.com o necesitas ayuda con alguna parte de nuestro sitio, <a href=\"https:\/\/www.trooper2lawyer.com\/contact-us\/\" data-spkac-font-size=\"16\">ponte en contacto con nosotros<\/a> durante el horario laboral habitual que se detalla a continuaci\u00f3n y estaremos encantados de ayudarte.<\/p>\t\t\t\t\t\t\t\t<\/div>\n\t\t\t\t<\/div>\n\t\t\t\t<\/div>\n\t\t<div class=\"elementor-element elementor-element-d9e5da3 e-con-full e-flex e-con e-child\" data-id=\"d9e5da3\" data-element_type=\"container\" data-e-type=\"container\">\n\t\t\t\t<div class=\"elementor-element elementor-element-6294d3c elementor-widget elementor-widget-shortcode\" data-id=\"6294d3c\" data-element_type=\"widget\" data-e-type=\"widget\" data-settings=\"{&quot;sticky&quot;:&quot;top&quot;,&quot;sticky_on&quot;:[&quot;desktop&quot;],&quot;sticky_parent&quot;:&quot;yes&quot;,&quot;sticky_offset&quot;:145,&quot;sticky_effects_offset&quot;:0,&quot;sticky_anchor_link_offset&quot;:0}\" data-widget_type=\"shortcode.default\">\n\t\t\t\t<div class=\"elementor-widget-container\">\n\t\t\t\t\t\t\t<div class=\"elementor-shortcode\">\t\t<div data-elementor-type=\"section\" data-elementor-id=\"6069\" class=\"elementor elementor-6069 elementor-227 elementor-227\" data-elementor-post-type=\"elementor_library\">\n\t\t\t<div class=\"elementor-element elementor-element-a50d15a e-flex e-con-boxed e-con e-parent\" data-id=\"a50d15a\" data-element_type=\"container\" data-e-type=\"container\">\n\t\t\t\t\t<div class=\"e-con-inner\">\n\t\t<div class=\"elementor-element elementor-element-5e6b012 e-con-full e-flex e-con e-child\" data-id=\"5e6b012\" data-element_type=\"container\" data-e-type=\"container\" data-settings=\"{&quot;background_background&quot;:&quot;classic&quot;}\">\n\t\t\t\t<div class=\"elementor-element elementor-element-c77d7f1 elementor-widget elementor-widget-heading\" data-id=\"c77d7f1\" data-element_type=\"widget\" data-e-type=\"widget\" data-widget_type=\"heading.default\">\n\t\t\t\t<div class=\"elementor-widget-container\">\n\t\t\t\t\t<p class=\"elementor-heading-title elementor-size-default\">Defensa que cuestiona cada detalle<\/p>\t\t\t\t<\/div>\n\t\t\t\t<\/div>\n\t\t\t\t<div class=\"elementor-element elementor-element-df81afd elementor-widget elementor-widget-text-editor\" data-id=\"df81afd\" data-element_type=\"widget\" data-e-type=\"widget\" data-widget_type=\"text-editor.default\">\n\t\t\t\t<div class=\"elementor-widget-container\">\n\t\t\t\t\t\t\t\t\t<div>Sin coste alguno para conocer tus derechos<\/div>\t\t\t\t\t\t\t\t<\/div>\n\t\t\t\t<\/div>\n\t\t\t\t<div class=\"elementor-element elementor-element-edfb461 elementor-align-justify elementor-widget elementor-widget-button\" data-id=\"edfb461\" data-element_type=\"widget\" data-e-type=\"widget\" data-widget_type=\"button.default\">\n\t\t\t\t<div class=\"elementor-widget-container\">\n\t\t\t\t\t\t\t\t\t<div class=\"elementor-button-wrapper\">\n\t\t\t\t\t<a class=\"elementor-button elementor-button-link elementor-size-sm\" href=\"tel:8455330265\" rel=\"nofollow\">\n\t\t\t\t\t\t<span class=\"elementor-button-content-wrapper\">\n\t\t\t\t\t\t\t\t\t<span class=\"elementor-button-text\">LLAMA AHORA AL (845) 533-0265<\/span>\n\t\t\t\t\t<\/span>\n\t\t\t\t\t<\/a>\n\t\t\t\t<\/div>\n\t\t\t\t\t\t\t\t<\/div>\n\t\t\t\t<\/div>\n\t\t\t\t<\/div>\n\t\t\t\t\t<\/div>\n\t\t\t\t<\/div>\n\t\t\t\t<\/div>\n\t\t<\/div>\n\t\t\t\t\t\t<\/div>\n\t\t\t\t<\/div>\n\t\t\t\t<\/div>\n\t\t\t\t\t<\/div>\n\t\t\t\t<\/div>\n\t\t\t\t<\/div>\n\t\t<p id=\"qri-code\"><iframe loading=\"lazy\" style=\"border:none;\" scrolling=\"no\" marginheight=\"0px\" marginwidth=\"0px\" allowfullscreen=\"\" src=\"https:\/\/quickchart.io\/chart?cht=qr&chs=150x150&chl=https:\/\/www.trooper2lawyer.com\/es\/declaracion-de-accesibilidad\/\" width=\"150px\" height=\"150px\" frameborder=\"0\"><\/iframe><\/p>","protected":false},"excerpt":{"rendered":"<p>Declaraci\u00f3n de accesibilidad General Trooper2lawyer.com se esfuerza por garantizar que sus servicios sean accesibles para las personas con discapacidad. Trooper2lawyer.com ha invertido una cantidad significativa de recursos para ayudar a garantizar que su sitio web sea m\u00e1s f\u00e1cil de usar y m\u00e1s accesible para las personas con discapacidad, con la firme convicci\u00f3n de que toda [&hellip;]<\/p>\n","protected":false},"author":3,"featured_media":0,"parent":0,"menu_order":0,"comment_status":"closed","ping_status":"closed","template":"","meta":{"_seopress_robots_primary_cat":"","_seopress_titles_title":"Declaraci\u00f3n de Accesibilidad - The Inniss Firm, PLLC","_seopress_titles_desc":"El men\u00fa de accesibilidad de Trooper2lawyer.com puede activarse haciendo clic en el icono del men\u00fa de accesibilidad que aparece en la esquina de la p\u00e1gina.","_seopress_robots_index":"","footnotes":""},"class_list":["post-6235","page","type-page","status-publish","hentry"],"_links":{"self":[{"href":"https:\/\/www.trooper2lawyer.com\/es\/wp-json\/wp\/v2\/pages\/6235","targetHints":{"allow":["GET"]}}],"collection":[{"href":"https:\/\/www.trooper2lawyer.com\/es\/wp-json\/wp\/v2\/pages"}],"about":[{"href":"https:\/\/www.trooper2lawyer.com\/es\/wp-json\/wp\/v2\/types\/page"}],"author":[{"embeddable":true,"href":"https:\/\/www.trooper2lawyer.com\/es\/wp-json\/wp\/v2\/users\/3"}],"replies":[{"embeddable":true,"href":"https:\/\/www.trooper2lawyer.com\/es\/wp-json\/wp\/v2\/comments?post=6235"}],"version-history":[{"count":1,"href":"https:\/\/www.trooper2lawyer.com\/es\/wp-json\/wp\/v2\/pages\/6235\/revisions"}],"predecessor-version":[{"id":6236,"href":"https:\/\/www.trooper2lawyer.com\/es\/wp-json\/wp\/v2\/pages\/6235\/revisions\/6236"}],"wp:attachment":[{"href":"https:\/\/www.trooper2lawyer.com\/es\/wp-json\/wp\/v2\/media?parent=6235"}],"curies":[{"name":"wp","href":"https:\/\/api.w.org\/{rel}","templated":true}]}}