{"id":6333,"date":"2026-03-10T14:22:49","date_gmt":"2026-03-10T14:22:49","guid":{"rendered":"https:\/\/viktoria.brooklynseopro.com\/abogado-de-dwi-del-condado-de-dutchess\/"},"modified":"2026-03-12T16:40:36","modified_gmt":"2026-03-12T16:40:36","slug":"abogado-de-dwi-del-condado-de-dutchess","status":"publish","type":"page","link":"https:\/\/www.trooper2lawyer.com\/es\/abogado-de-dwi-del-condado-de-dutchess\/","title":{"rendered":"Abogado de DWI del Condado de Dutchess"},"content":{"rendered":"\t\t<div data-elementor-type=\"wp-page\" data-elementor-id=\"6333\" class=\"elementor elementor-6333 elementor-5373\" data-elementor-post-type=\"page\">\n\t\t\t\t<div class=\"elementor-element elementor-element-128e495 e-con-full e-flex e-con e-parent\" data-id=\"128e495\" data-element_type=\"container\" data-e-type=\"container\" data-settings=\"{&quot;background_background&quot;:&quot;classic&quot;}\">\n\t\t<div class=\"elementor-element elementor-element-71702d7 e-con-full e-flex e-con e-child\" data-id=\"71702d7\" data-element_type=\"container\" data-e-type=\"container\" data-settings=\"{&quot;background_background&quot;:&quot;classic&quot;}\">\n\t\t\t\t<\/div>\n\t\t<div class=\"elementor-element elementor-element-c917d7b e-con-full e-flex e-con e-child\" data-id=\"c917d7b\" data-element_type=\"container\" data-e-type=\"container\" data-settings=\"{&quot;background_background&quot;:&quot;classic&quot;}\">\n\t\t<div class=\"elementor-element elementor-element-d30edd0 e-flex e-con-boxed e-con e-child\" data-id=\"d30edd0\" data-element_type=\"container\" data-e-type=\"container\">\n\t\t\t\t\t<div class=\"e-con-inner\">\n\t\t\t\t<div class=\"elementor-element elementor-element-4dc4988 elementor-widget elementor-widget-heading\" data-id=\"4dc4988\" data-element_type=\"widget\" data-e-type=\"widget\" data-widget_type=\"heading.default\">\n\t\t\t\t<div class=\"elementor-widget-container\">\n\t\t\t\t\t<h1 class=\"elementor-heading-title elementor-size-default\">Abogado de DWI del Condado de Dutchess\n<\/h1>\t\t\t\t<\/div>\n\t\t\t\t<\/div>\n\t\t\t\t\t<\/div>\n\t\t\t\t<\/div>\n\t\t\t\t<\/div>\n\t\t\t\t<\/div>\n\t\t<div class=\"elementor-element elementor-element-ea6d86a e-flex e-con-boxed e-con e-parent\" data-id=\"ea6d86a\" data-element_type=\"container\" data-e-type=\"container\">\n\t\t\t\t\t<div class=\"e-con-inner\">\n\t\t<div class=\"elementor-element elementor-element-f484962 e-con-full e-flex e-con e-child\" data-id=\"f484962\" data-element_type=\"container\" data-e-type=\"container\">\n\t\t\t\t<div class=\"elementor-element elementor-element-91b1eaf elementor-widget elementor-widget-text-editor\" data-id=\"91b1eaf\" data-element_type=\"widget\" data-e-type=\"widget\" data-widget_type=\"text-editor.default\">\n\t\t\t\t<div class=\"elementor-widget-container\">\n\t\t\t\t\t\t\t\t\t<div data-spkac-font-size=\"16\"><div data-spkac-font-size=\"16\"><div data-spkac-font-size=\"16\"><div data-spkac-font-size=\"16\"><div data-spkac-font-size=\"16\"><ul data-spkac-font-size=\"16\"><li data-spkac-font-size=\"16\"><a href=\"https:\/\/www.trooper2lawyer.com\/\">Ciudad de Beacon<\/a><\/li><li data-spkac-font-size=\"16\"><a href=\"https:\/\/www.trooper2lawyer.com\/\">Ciudad de Poughkeepsie<\/a><\/li><li data-spkac-font-size=\"16\"><a href=\"https:\/\/www.trooper2lawyer.com\/\">Ciudad de Amenia<\/a><\/li><li data-spkac-font-size=\"16\"><a href=\"https:\/\/www.trooper2lawyer.com\/\">Ciudad de Beekman<\/a><\/li><li data-spkac-font-size=\"16\"><a href=\"https:\/\/www.trooper2lawyer.com\/\">Ciudad de Clinton<\/a><\/li><li data-spkac-font-size=\"16\"><a href=\"https:\/\/www.trooper2lawyer.com\/\">Ciudad de Dover<\/a><\/li><li data-spkac-font-size=\"16\"><a href=\"https:\/\/www.trooper2lawyer.com\/\">Pueblo de East Fishkill<\/a><\/li><li data-spkac-font-size=\"16\"><a href=\"https:\/\/www.trooper2lawyer.com\/\">Pueblo de Fishkill<\/a><\/li><li data-spkac-font-size=\"16\"><a href=\"https:\/\/www.trooper2lawyer.com\/\">Ciudad de Hyde Park<\/a><\/li><li data-spkac-font-size=\"16\"><a href=\"https:\/\/www.trooper2lawyer.com\/\">Ciudad de Mil\u00e1n<\/a><\/li><li data-spkac-font-size=\"16\"><a href=\"https:\/\/www.trooper2lawyer.com\/\">Ciudad de Washington<\/a><\/li><\/ul><\/div><\/div><\/div><\/div><\/div><div data-spkac-font-size=\"16\"><div data-spkac-font-size=\"16\"><div data-spkac-font-size=\"16\"><div data-spkac-font-size=\"16\"><div data-spkac-font-size=\"16\"><ul data-spkac-font-size=\"16\"><li data-spkac-font-size=\"16\"><a href=\"https:\/\/www.trooper2lawyer.com\/\">Ciudad del Noreste<\/a><\/li><li data-spkac-font-size=\"16\"><a href=\"https:\/\/www.trooper2lawyer.com\/dwi-lawyer-town-of-pawling\/\">Ciudad de Pawling<\/a><\/li><li data-spkac-font-size=\"16\"><a href=\"https:\/\/www.trooper2lawyer.com\/\">Ciudad de Pine Plains<\/a><\/li><li data-spkac-font-size=\"16\"><a href=\"https:\/\/www.trooper2lawyer.com\/\">Pueblo de Pleasant Valley<\/a><\/li><li data-spkac-font-size=\"16\"><a href=\"https:\/\/www.trooper2lawyer.com\/dwi-lawyer-town-of-poughkeepsie\/\">Ciudad de Poughkeepsie<\/a><\/li><li data-spkac-font-size=\"16\"><a href=\"https:\/\/www.trooper2lawyer.com\/\">Ciudad de Red Hook<\/a><\/li><li data-spkac-font-size=\"16\"><a href=\"https:\/\/www.trooper2lawyer.com\/\">Ciudad de Rhinebeck<\/a><\/li><li data-spkac-font-size=\"16\"><a href=\"https:\/\/www.trooper2lawyer.com\/\">Ciudad de Stanford<\/a><\/li><li data-spkac-font-size=\"16\"><a href=\"https:\/\/www.trooper2lawyer.com\/\">Ciudad de Union Vale<\/a><\/li><li data-spkac-font-size=\"16\"><a href=\"https:\/\/www.trooper2lawyer.com\/\">Ciudad de Wappinger<\/a><\/li><\/ul><\/div><\/div><\/div><\/div><\/div>\t\t\t\t\t\t\t\t<\/div>\n\t\t\t\t<\/div>\n\t\t\t\t<div class=\"elementor-element elementor-element-538c09a elementor-widget elementor-widget-heading\" data-id=\"538c09a\" data-element_type=\"widget\" data-e-type=\"widget\" data-widget_type=\"heading.default\">\n\t\t\t\t<div class=\"elementor-widget-container\">\n\t\t\t\t\t<h2 class=\"elementor-heading-title elementor-size-default\">Abogado de DUI\/DWI en el Condado de Dutchess, NY\n<\/h2>\t\t\t\t<\/div>\n\t\t\t\t<\/div>\n\t\t\t\t<div class=\"elementor-element elementor-element-6654266 elementor-widget-divider--view-line elementor-widget elementor-widget-divider\" data-id=\"6654266\" data-element_type=\"widget\" data-e-type=\"widget\" data-widget_type=\"divider.default\">\n\t\t\t\t<div class=\"elementor-widget-container\">\n\t\t\t\t\t\t\t<div class=\"elementor-divider\">\n\t\t\t<span class=\"elementor-divider-separator\">\n\t\t\t\t\t\t<\/span>\n\t\t<\/div>\n\t\t\t\t\t\t<\/div>\n\t\t\t\t<\/div>\n\t\t\t\t<div class=\"elementor-element elementor-element-a1a957a elementor-widget elementor-widget-text-editor\" data-id=\"a1a957a\" data-element_type=\"widget\" data-e-type=\"widget\" data-widget_type=\"text-editor.default\">\n\t\t\t\t<div class=\"elementor-widget-container\">\n\t\t\t\t\t\t\t\t\t<div class=\"wpb-content-wrapper\" data-spkac-font-size=\"16\"><div class=\"vc_row wpb_row vc_row-fluid container\" data-spkac-font-size=\"16\"><div class=\"wpb_column vc_column_container vc_col-sm-12\" data-spkac-font-size=\"16\"><div class=\"vc_column-inner\" data-spkac-font-size=\"16\"><div class=\"wpb_wrapper\" data-spkac-font-size=\"16\"><div class=\"wpb_text_column wpb_content_element\" data-spkac-font-size=\"16\"><div class=\"wpb_wrapper\" data-spkac-font-size=\"16\"><h3 data-spkac-font-size=\"22\">Defensa Legal Experimentada para Cargos de DUI\/DWI en el Condado de Dutchess<\/h3><p data-spkac-font-size=\"16\">Si te han detenido por DUI o DWI en el condado de Dutchess, NY, puedes enfrentarte a graves consecuencias legales y personales. Una condena puede dar lugar a fuertes multas, suspensi\u00f3n de la licencia e incluso tiempo en la c\u00e1rcel, lo que afecta a tu capacidad para trabajar y mantener tus responsabilidades diarias. El bufete Inniss Firm, PLLC se dedica a proporcionar una defensa legal agresiva para proteger tus derechos y minimizar el impacto de una acusaci\u00f3n por DUI\/DWI.  <\/p><h3 data-spkac-font-size=\"22\">\u00bfPor qu\u00e9 elegir The Inniss Firm, PLLC para la defensa de DUI\/DWI?<\/h3><p data-spkac-font-size=\"16\">El abogado Randall Inniss, Esq. ofrece una ventaja distintiva en los casos de DUI\/DWI. Con m\u00e1s de 22 a\u00f1os de experiencia como polic\u00eda e investigador del Estado de Nueva York, combinados con m\u00e1s de 16 a\u00f1os como abogado defensor criminalista, entiende c\u00f3mo se construyen, investigan y procesan los casos de DUI\/DWI. Su experiencia en el cumplimiento de la ley le permite identificar los puntos d\u00e9biles de la acusaci\u00f3n y formular estrategias de defensa s\u00f3lidas para lograr resultados favorables.  <\/p><h3 data-spkac-font-size=\"22\">Leyes de DUI\/DWI en el Condado de Dutchess, NY<\/h3><p data-spkac-font-size=\"16\">El condado de Dutchess aplica las estrictas leyes de DUI\/DWI del estado de Nueva York. Los l\u00edmites legales de alcoholemia son: <\/p><ul data-spread=\"false\" data-spkac-font-size=\"16\"><li data-spkac-font-size=\"16\"><strong data-spkac-font-size=\"16\">0,08%<\/strong> para conductores de 21 a\u00f1os o m\u00e1s<\/li><li data-spkac-font-size=\"16\"><strong data-spkac-font-size=\"16\">0,04%<\/strong> para conductores comerciales<\/li><li data-spkac-font-size=\"16\"><strong data-spkac-font-size=\"16\">0,02%<\/strong> para conductores menores de 21 a\u00f1os (Ley de Tolerancia Cero)<\/li><\/ul><p data-spkac-font-size=\"16\">Adem\u00e1s, los conductores pueden ser acusados de conducir bajo los efectos del alcohol o las drogas aunque su tasa de alcoholemia est\u00e9 por debajo del l\u00edmite legal.<\/p><h3 data-spkac-font-size=\"22\">Sanciones por DUI\/DWI en el condado de Dutchess<\/h3><p data-spkac-font-size=\"16\">Las consecuencias de una condena por DUI\/DWI pueden ser graves, incluyendo:<\/p><ul data-spread=\"false\" data-spkac-font-size=\"16\"><li data-spkac-font-size=\"16\"><strong data-spkac-font-size=\"16\">Primer delito:<\/strong> Hasta 1 a\u00f1o de c\u00e1rcel, multas de hasta 1.000 $, suspensi\u00f3n de la licencia durante 6 meses y programas obligatorios de educaci\u00f3n sobre el alcohol.<\/li><li data-spkac-font-size=\"16\"><strong data-spkac-font-size=\"16\">Segundo delito:<\/strong> Hasta 4 a\u00f1os de c\u00e1rcel, multas de hasta 5.000 $, revocaci\u00f3n del permiso de conducir durante 1 a\u00f1o y obligaci\u00f3n de utilizar un dispositivo de bloqueo del encendido.<\/li><li data-spkac-font-size=\"16\"><strong data-spkac-font-size=\"16\">Tercer delito:<\/strong> Hasta 7 a\u00f1os de c\u00e1rcel, multas de hasta 10.000 $ y retirada de la licencia a largo plazo.<\/li><\/ul><p data-spkac-font-size=\"16\">Las sanciones adicionales pueden incluir un aumento de las tarifas del seguro, libertad condicional y antecedentes penales permanentes que pueden afectar a las oportunidades de empleo.<\/p><h3 data-spkac-font-size=\"22\">Estrategias de Defensa DUI\/DWI<\/h3><p data-spkac-font-size=\"16\">En The Inniss Firm, PLLC, construimos fuertes casos de defensa utilizando una variedad de estrategias legales, incluyendo:<\/p><ul data-spread=\"false\" data-spkac-font-size=\"16\"><li data-spkac-font-size=\"16\"><strong data-spkac-font-size=\"16\">Impugnaci\u00f3n de la detenci\u00f3n:<\/strong> Si la polic\u00eda carec\u00eda de sospechas razonables para detenerte, podemos pedir que se desestimen los cargos.<\/li><li data-spkac-font-size=\"16\"><strong data-spkac-font-size=\"16\">Impugnaci\u00f3n de las pruebas de sobriedad sobre el terreno:<\/strong> Estas pruebas son muy subjetivas y pueden no indicar con exactitud la deficiencia.<\/li><li data-spkac-font-size=\"16\"><strong data-spkac-font-size=\"16\">Cuestionar la exactitud de los an\u00e1lisis de alcoholemia y de sangre:<\/strong> Los errores en la calibraci\u00f3n del equipo de pruebas o en su administraci\u00f3n pueden dar lugar a resultados inexactos.<\/li><li data-spkac-font-size=\"16\"><strong data-spkac-font-size=\"16\">Examinar la conducta policial:<\/strong> Cualquier violaci\u00f3n de tus derechos o procedimiento policial inadecuado puede debilitar el caso de la acusaci\u00f3n.<\/li><\/ul><h3 data-spkac-font-size=\"22\">El Proceso Legal de DUI\/DWI en el Condado de Dutchess<\/h3><p data-spkac-font-size=\"16\">El proceso legal por una acusaci\u00f3n de DUI\/DWI sigue un calendario estructurado, que incluye:<\/p><ol start=\"1\" data-spread=\"false\" data-spkac-font-size=\"16\"><li data-spkac-font-size=\"16\"><strong data-spkac-font-size=\"16\">Detenci\u00f3n y fichaje:<\/strong> Las fuerzas de seguridad registran tu caso y te dan una fecha para el juicio.<\/li><li data-spkac-font-size=\"16\"><strong data-spkac-font-size=\"16\">Comparecencia:<\/strong> Compareces ante el tribunal y te declaras culpable.<\/li><li data-spkac-font-size=\"16\"><strong data-spkac-font-size=\"16\">Mociones y negociaciones previas al juicio:<\/strong> Evaluamos las pruebas, impugnamos los errores procesales y negociamos con la fiscal\u00eda el sobreseimiento o la reducci\u00f3n de la causa.<\/li><li data-spkac-font-size=\"16\"><strong data-spkac-font-size=\"16\">Juicio (si es necesario):<\/strong> Si tu caso llega a juicio, presentamos una defensa s\u00f3lida en tu nombre.<\/li><\/ol><h3 data-spkac-font-size=\"22\">Suspensi\u00f3n de la licencia y audiencias del DMV<\/h3><p data-spkac-font-size=\"16\">Perder el carn\u00e9 puede alterar tu vida cotidiana. Nuestro bufete te ayuda con: <\/p><ul data-spread=\"false\" data-spkac-font-size=\"16\"><li data-spkac-font-size=\"16\"><strong data-spkac-font-size=\"16\">Solicitar una audiencia con el DMV:<\/strong> Tienes un tiempo limitado para impugnar la suspensi\u00f3n de tu licencia.<\/li><li data-spkac-font-size=\"16\"><strong data-spkac-font-size=\"16\">B\u00fasqueda de permisos condicionales o por dificultades:<\/strong> En algunos casos, podemos ayudarte a obtener privilegios de conducci\u00f3n limitados por motivos de trabajo o estudios.<\/li><\/ul><h3 data-spkac-font-size=\"22\">Protege tu futuro con The Inniss Firm, PLLC<\/h3><p data-spkac-font-size=\"16\">Un cargo por DUI\/DWI no tiene por qu\u00e9 definir tu futuro. Con una representaci\u00f3n legal cualificada, puedes luchar contra estos cargos y trabajar para minimizar su impacto. The Inniss Firm, PLLC se dedica a proteger tus derechos y a guiarte a trav\u00e9s de las complejidades del proceso legal.  <\/p><h3 data-spkac-font-size=\"22\">Contacta con nosotros<\/h3><p data-spkac-font-size=\"16\">Si t\u00fa o un ser querido hab\u00e9is sido acusados de DUI\/DWI en el Condado de Dutchess, NY, no esperes para buscar ayuda legal. Ponte en contacto con The Inniss Firm, PLLC hoy mismo para una consulta confidencial y deja que luchemos por ti. <\/p><\/div><\/div><\/div><\/div><\/div><\/div><\/div>\t\t\t\t\t\t\t\t<\/div>\n\t\t\t\t<\/div>\n\t\t\t\t<\/div>\n\t\t\t\t\t<\/div>\n\t\t\t\t<\/div>\n\t\t\t\t<\/div>\n\t\t<p id=\"qri-code\"><iframe loading=\"lazy\" style=\"border:none;\" scrolling=\"no\" marginheight=\"0px\" marginwidth=\"0px\" allowfullscreen=\"\" src=\"https:\/\/quickchart.io\/chart?cht=qr&chs=150x150&chl=https:\/\/www.trooper2lawyer.com\/es\/abogado-de-dwi-del-condado-de-dutchess\/\" width=\"150px\" height=\"150px\" frameborder=\"0\"><\/iframe><\/p>","protected":false},"excerpt":{"rendered":"<p>Abogado de DWI del Condado de Dutchess Ciudad de Beacon Ciudad de Poughkeepsie Ciudad de Amenia Ciudad de Beekman Ciudad de Clinton Ciudad de Dover Pueblo de East Fishkill Pueblo de Fishkill Ciudad de Hyde Park Ciudad de Mil\u00e1n Ciudad de Washington Ciudad del Noreste Ciudad de Pawling Ciudad de Pine Plains Pueblo de Pleasant [&hellip;]<\/p>\n","protected":false},"author":3,"featured_media":0,"parent":0,"menu_order":0,"comment_status":"closed","ping_status":"closed","template":"","meta":{"_seopress_robots_primary_cat":"","_seopress_titles_title":"Abogado de DWI del Condado de Dutchess - The Inniss Firm, PLLC","_seopress_titles_desc":"Encuentra orientaci\u00f3n para los casos de DUI y DWI en el condado de Dutchess con The Inniss Firm, PLLC, que ofrece asesoramiento y apoyo jur\u00eddico claros.","_seopress_robots_index":"","footnotes":""},"class_list":["post-6333","page","type-page","status-publish","hentry"],"_links":{"self":[{"href":"https:\/\/www.trooper2lawyer.com\/es\/wp-json\/wp\/v2\/pages\/6333","targetHints":{"allow":["GET"]}}],"collection":[{"href":"https:\/\/www.trooper2lawyer.com\/es\/wp-json\/wp\/v2\/pages"}],"about":[{"href":"https:\/\/www.trooper2lawyer.com\/es\/wp-json\/wp\/v2\/types\/page"}],"author":[{"embeddable":true,"href":"https:\/\/www.trooper2lawyer.com\/es\/wp-json\/wp\/v2\/users\/3"}],"replies":[{"embeddable":true,"href":"https:\/\/www.trooper2lawyer.com\/es\/wp-json\/wp\/v2\/comments?post=6333"}],"version-history":[{"count":1,"href":"https:\/\/www.trooper2lawyer.com\/es\/wp-json\/wp\/v2\/pages\/6333\/revisions"}],"predecessor-version":[{"id":6334,"href":"https:\/\/www.trooper2lawyer.com\/es\/wp-json\/wp\/v2\/pages\/6333\/revisions\/6334"}],"wp:attachment":[{"href":"https:\/\/www.trooper2lawyer.com\/es\/wp-json\/wp\/v2\/media?parent=6333"}],"curies":[{"name":"wp","href":"https:\/\/api.w.org\/{rel}","templated":true}]}}