{"id":6364,"date":"2026-02-27T15:54:14","date_gmt":"2026-02-27T15:54:14","guid":{"rendered":"https:\/\/viktoria.brooklynseopro.com\/condiciones-del-servicio\/"},"modified":"2026-03-12T16:47:10","modified_gmt":"2026-03-12T16:47:10","slug":"condiciones-del-servicio","status":"publish","type":"page","link":"https:\/\/www.trooper2lawyer.com\/es\/condiciones-del-servicio\/","title":{"rendered":"Condiciones del servicio"},"content":{"rendered":"\t\t<div data-elementor-type=\"wp-page\" data-elementor-id=\"6364\" class=\"elementor elementor-6364 elementor-2613\" data-elementor-post-type=\"page\">\n\t\t\t\t<div class=\"elementor-element elementor-element-19b55ff e-con-full e-flex e-con e-parent\" data-id=\"19b55ff\" data-element_type=\"container\" data-e-type=\"container\" data-settings=\"{&quot;background_background&quot;:&quot;classic&quot;}\">\n\t\t<div class=\"elementor-element elementor-element-2b65237 e-con-full e-flex e-con e-child\" data-id=\"2b65237\" data-element_type=\"container\" data-e-type=\"container\">\n\t\t\t\t<\/div>\n\t\t<div class=\"elementor-element elementor-element-6d62ec2 e-con-full e-flex e-con e-child\" data-id=\"6d62ec2\" data-element_type=\"container\" data-e-type=\"container\" data-settings=\"{&quot;background_background&quot;:&quot;classic&quot;}\">\n\t\t<div class=\"elementor-element elementor-element-d6dafca e-flex e-con-boxed e-con e-child\" data-id=\"d6dafca\" data-element_type=\"container\" data-e-type=\"container\">\n\t\t\t\t\t<div class=\"e-con-inner\">\n\t\t\t\t<div class=\"elementor-element elementor-element-703bfbf elementor-widget elementor-widget-post-info\" data-id=\"703bfbf\" data-element_type=\"widget\" data-e-type=\"widget\" data-widget_type=\"post-info.default\">\n\t\t\t\t<div class=\"elementor-widget-container\">\n\t\t\t\t\t\t\t<ul class=\"elementor-inline-items elementor-icon-list-items elementor-post-info\">\n\t\t\t\t\t\t\t\t<li class=\"elementor-icon-list-item elementor-repeater-item-b79e14f elementor-inline-item\">\n\t\t\t\t\t\t\t\t\t\t\t\t\t<span class=\"elementor-icon-list-text elementor-post-info__item elementor-post-info__item--type-custom\">\n\t\t\t\t\t\t\t\t\t\tACTUALIZADO POR \u00daLTIMA VEZ EL:  marzo 12, 2026\t\t\t\t\t<\/span>\n\t\t\t\t\t\t\t\t<\/li>\n\t\t\t\t<\/ul>\n\t\t\t\t\t\t<\/div>\n\t\t\t\t<\/div>\n\t\t\t\t<div class=\"elementor-element elementor-element-ef4d24f elementor-widget elementor-widget-heading\" data-id=\"ef4d24f\" data-element_type=\"widget\" data-e-type=\"widget\" data-widget_type=\"heading.default\">\n\t\t\t\t<div class=\"elementor-widget-container\">\n\t\t\t\t\t<h1 class=\"elementor-heading-title elementor-size-default\">Condiciones de uso<\/h1>\t\t\t\t<\/div>\n\t\t\t\t<\/div>\n\t\t\t\t\t<\/div>\n\t\t\t\t<\/div>\n\t\t\t\t<\/div>\n\t\t\t\t<\/div>\n\t\t<div class=\"elementor-element elementor-element-e4cb1a3 e-flex e-con-boxed e-con e-parent\" data-id=\"e4cb1a3\" data-element_type=\"container\" data-e-type=\"container\">\n\t\t\t\t\t<div class=\"e-con-inner\">\n\t\t\t\t<div class=\"elementor-element elementor-element-c2dd422 elementor-widget elementor-widget-heading\" data-id=\"c2dd422\" data-element_type=\"widget\" data-e-type=\"widget\" data-widget_type=\"heading.default\">\n\t\t\t\t<div class=\"elementor-widget-container\">\n\t\t\t\t\t<h2 class=\"elementor-heading-title elementor-size-default\">1. T\u00e9rminos\n<\/h2>\t\t\t\t<\/div>\n\t\t\t\t<\/div>\n\t\t\t\t<div class=\"elementor-element elementor-element-16f7fa7 elementor-widget-divider--view-line elementor-widget elementor-widget-divider\" data-id=\"16f7fa7\" data-element_type=\"widget\" data-e-type=\"widget\" data-widget_type=\"divider.default\">\n\t\t\t\t<div class=\"elementor-widget-container\">\n\t\t\t\t\t\t\t<div class=\"elementor-divider\">\n\t\t\t<span class=\"elementor-divider-separator\">\n\t\t\t\t\t\t<\/span>\n\t\t<\/div>\n\t\t\t\t\t\t<\/div>\n\t\t\t\t<\/div>\n\t\t\t\t<div class=\"elementor-element elementor-element-ccf8a25 elementor-widget elementor-widget-text-editor\" data-id=\"ccf8a25\" data-element_type=\"widget\" data-e-type=\"widget\" data-widget_type=\"text-editor.default\">\n\t\t\t\t<div class=\"elementor-widget-container\">\n\t\t\t\t\t\t\t\t\t<p class=\"p1\">Al acceder a este sitio web, aceptas regirte por estas Condiciones de uso del sitio web, por todas las leyes y reglamentos aplicables, y aceptas que eres responsable del cumplimiento de cualquier ley local aplicable. Si no est\u00e1s de acuerdo con alguna de estas condiciones, se te proh\u00edbe utilizar o acceder a este sitio web. Los materiales contenidos en este sitio web est\u00e1n protegidos por la legislaci\u00f3n aplicable en materia de derechos de autor y marcas registradas.  <\/p>\t\t\t\t\t\t\t\t<\/div>\n\t\t\t\t<\/div>\n\t\t\t\t<div class=\"elementor-element elementor-element-ab50d5e elementor-widget elementor-widget-heading\" data-id=\"ab50d5e\" data-element_type=\"widget\" data-e-type=\"widget\" data-widget_type=\"heading.default\">\n\t\t\t\t<div class=\"elementor-widget-container\">\n\t\t\t\t\t<h2 class=\"elementor-heading-title elementor-size-default\">2. Licencia de uso<\/h2>\t\t\t\t<\/div>\n\t\t\t\t<\/div>\n\t\t\t\t<div class=\"elementor-element elementor-element-44cb141 elementor-widget-divider--view-line elementor-widget elementor-widget-divider\" data-id=\"44cb141\" data-element_type=\"widget\" data-e-type=\"widget\" data-widget_type=\"divider.default\">\n\t\t\t\t<div class=\"elementor-widget-container\">\n\t\t\t\t\t\t\t<div class=\"elementor-divider\">\n\t\t\t<span class=\"elementor-divider-separator\">\n\t\t\t\t\t\t<\/span>\n\t\t<\/div>\n\t\t\t\t\t\t<\/div>\n\t\t\t\t<\/div>\n\t\t\t\t<div class=\"elementor-element elementor-element-4725c3b elementor-widget elementor-widget-text-editor\" data-id=\"4725c3b\" data-element_type=\"widget\" data-e-type=\"widget\" data-widget_type=\"text-editor.default\">\n\t\t\t\t<div class=\"elementor-widget-container\">\n\t\t\t\t\t\t\t\t\t<p>1. Se concede permiso para descargar temporalmente una copia de los materiales (informaci\u00f3n o software) del sitio web de The Inniss Firm, PLLC s\u00f3lo para su visualizaci\u00f3n transitoria personal y no comercial. Se trata de la concesi\u00f3n de una licencia, no de una transferencia de titularidad, y en virtud de esta licencia no puedes: <\/p><p>modificar o copiar los materiales<\/p><ul><li>utilizar los materiales para cualquier fin comercial, o para cualquier exhibici\u00f3n p\u00fablica (comercial o no comercial)<\/li><li>intentar compilar o realizar ingenier\u00eda inversa de cualquier software contenido en el sitio web de The Inniss Firm, PLLC<\/li><li>suprimir cualquier menci\u00f3n de derechos de autor u otras menciones de propiedad de los materiales o<\/li><li>transferir los materiales a otra persona o \u00abreflejar\u00bb los materiales en cualquier otro servidor.<\/li><\/ul><p>2. Esta licencia terminar\u00e1 autom\u00e1ticamente si infringes cualquiera de estas restricciones y puede ser rescindida por The Inniss Firm, PLLC en cualquier momento. Una vez finalizada la visualizaci\u00f3n de estos materiales o la rescisi\u00f3n de esta licencia, deber\u00e1s destruir cualquier material descargado que est\u00e9 en tu posesi\u00f3n, ya sea en formato electr\u00f3nico o impreso. <\/p>\t\t\t\t\t\t\t\t<\/div>\n\t\t\t\t<\/div>\n\t\t\t\t<div class=\"elementor-element elementor-element-2b8e42e elementor-widget elementor-widget-heading\" data-id=\"2b8e42e\" data-element_type=\"widget\" data-e-type=\"widget\" data-widget_type=\"heading.default\">\n\t\t\t\t<div class=\"elementor-widget-container\">\n\t\t\t\t\t<h2 class=\"elementor-heading-title elementor-size-default\">3. Descargo de responsabilidad<\/h2>\t\t\t\t<\/div>\n\t\t\t\t<\/div>\n\t\t\t\t<div class=\"elementor-element elementor-element-9aca0f1 elementor-widget-divider--view-line elementor-widget elementor-widget-divider\" data-id=\"9aca0f1\" data-element_type=\"widget\" data-e-type=\"widget\" data-widget_type=\"divider.default\">\n\t\t\t\t<div class=\"elementor-widget-container\">\n\t\t\t\t\t\t\t<div class=\"elementor-divider\">\n\t\t\t<span class=\"elementor-divider-separator\">\n\t\t\t\t\t\t<\/span>\n\t\t<\/div>\n\t\t\t\t\t\t<\/div>\n\t\t\t\t<\/div>\n\t\t\t\t<div class=\"elementor-element elementor-element-300a336 elementor-widget elementor-widget-text-editor\" data-id=\"300a336\" data-element_type=\"widget\" data-e-type=\"widget\" data-widget_type=\"text-editor.default\">\n\t\t\t\t<div class=\"elementor-widget-container\">\n\t\t\t\t\t\t\t\t\tLos materiales del sitio web de The Inniss Firm, PLLC se proporcionan \u00abtal cual\u00bb. The Inniss Firm, PLLC no ofrece ninguna garant\u00eda, expresa o impl\u00edcita, y por la presente renuncia y niega cualquier otra garant\u00eda, incluyendo, sin limitaci\u00f3n, las garant\u00edas o condiciones impl\u00edcitas de comerciabilidad, idoneidad para un prop\u00f3sito particular, o no infracci\u00f3n de la propiedad intelectual u otra violaci\u00f3n de los derechos. Adem\u00e1s, The Inniss Firm, PLLC no garantiza ni hace ninguna declaraci\u00f3n relativa a la exactitud, los resultados probables o la fiabilidad del uso de los materiales en su sitio web de Internet o relacionados de otro modo con dichos materiales o en cualquier sitio vinculado a este sitio.  \n\t\t\t\t\t\t\t\t<\/div>\n\t\t\t\t<\/div>\n\t\t\t\t<div class=\"elementor-element elementor-element-292b49a elementor-widget elementor-widget-heading\" data-id=\"292b49a\" data-element_type=\"widget\" data-e-type=\"widget\" data-widget_type=\"heading.default\">\n\t\t\t\t<div class=\"elementor-widget-container\">\n\t\t\t\t\t<h2 class=\"elementor-heading-title elementor-size-default\">4. Limitaciones<\/h2>\t\t\t\t<\/div>\n\t\t\t\t<\/div>\n\t\t\t\t<div class=\"elementor-element elementor-element-95e92d1 elementor-widget-divider--view-line elementor-widget elementor-widget-divider\" data-id=\"95e92d1\" data-element_type=\"widget\" data-e-type=\"widget\" data-widget_type=\"divider.default\">\n\t\t\t\t<div class=\"elementor-widget-container\">\n\t\t\t\t\t\t\t<div class=\"elementor-divider\">\n\t\t\t<span class=\"elementor-divider-separator\">\n\t\t\t\t\t\t<\/span>\n\t\t<\/div>\n\t\t\t\t\t\t<\/div>\n\t\t\t\t<\/div>\n\t\t\t\t<div class=\"elementor-element elementor-element-a39452b elementor-widget elementor-widget-text-editor\" data-id=\"a39452b\" data-element_type=\"widget\" data-e-type=\"widget\" data-widget_type=\"text-editor.default\">\n\t\t\t\t<div class=\"elementor-widget-container\">\n\t\t\t\t\t\t\t\t\tEn ning\u00fan caso The Inniss Firm, PLLC o sus proveedores ser\u00e1n responsables de ning\u00fan da\u00f1o (incluyendo, sin limitaci\u00f3n, da\u00f1os por p\u00e9rdida de datos o beneficios, o debido a la interrupci\u00f3n del negocio) que surja del uso o la imposibilidad de usar los materiales del sitio de Internet de The Inniss Firm, PLLC, incluso si The Inniss Firm, PLLC o un representante autorizado de The Inniss Firm, PLLC ha sido notificado oralmente o por escrito de la posibilidad de tales da\u00f1os. Debido a que algunas jurisdicciones no permiten limitaciones en las garant\u00edas impl\u00edcitas, o limitaciones de responsabilidad por da\u00f1os consecuenciales o incidentales, estas limitaciones pueden no aplicarse a ti. \t\t\t\t\t\t\t\t<\/div>\n\t\t\t\t<\/div>\n\t\t\t\t<div class=\"elementor-element elementor-element-6e22159 elementor-widget elementor-widget-heading\" data-id=\"6e22159\" data-element_type=\"widget\" data-e-type=\"widget\" data-widget_type=\"heading.default\">\n\t\t\t\t<div class=\"elementor-widget-container\">\n\t\t\t\t\t<h2 class=\"elementor-heading-title elementor-size-default\">5. Revisiones y erratas\n<\/h2>\t\t\t\t<\/div>\n\t\t\t\t<\/div>\n\t\t\t\t<div class=\"elementor-element elementor-element-77889e2 elementor-widget-divider--view-line elementor-widget elementor-widget-divider\" data-id=\"77889e2\" data-element_type=\"widget\" data-e-type=\"widget\" data-widget_type=\"divider.default\">\n\t\t\t\t<div class=\"elementor-widget-container\">\n\t\t\t\t\t\t\t<div class=\"elementor-divider\">\n\t\t\t<span class=\"elementor-divider-separator\">\n\t\t\t\t\t\t<\/span>\n\t\t<\/div>\n\t\t\t\t\t\t<\/div>\n\t\t\t\t<\/div>\n\t\t\t\t<div class=\"elementor-element elementor-element-e6c34a5 elementor-widget elementor-widget-text-editor\" data-id=\"e6c34a5\" data-element_type=\"widget\" data-e-type=\"widget\" data-widget_type=\"text-editor.default\">\n\t\t\t\t<div class=\"elementor-widget-container\">\n\t\t\t\t\t\t\t\t\tLos materiales que aparecen en el sitio web de The Inniss Firm, PLLC podr\u00edan incluir errores t\u00e9cnicos, tipogr\u00e1ficos o fotogr\u00e1ficos. The Inniss Firm, PLLC no garantiza que ninguno de los materiales de su sitio web sea preciso, completo o actual. The Inniss Firm, PLLC puede realizar cambios en los materiales contenidos en su sitio web en cualquier momento y sin previo aviso. Sin embargo, The Inniss Firm, PLLC no se compromete a actualizar los materiales.   \n\t\t\t\t\t\t\t\t<\/div>\n\t\t\t\t<\/div>\n\t\t\t\t<div class=\"elementor-element elementor-element-22ffc3a elementor-widget elementor-widget-heading\" data-id=\"22ffc3a\" data-element_type=\"widget\" data-e-type=\"widget\" data-widget_type=\"heading.default\">\n\t\t\t\t<div class=\"elementor-widget-container\">\n\t\t\t\t\t<h2 class=\"elementor-heading-title elementor-size-default\">6. Enlaces\n<\/h2>\t\t\t\t<\/div>\n\t\t\t\t<\/div>\n\t\t\t\t<div class=\"elementor-element elementor-element-26dc2ae elementor-widget-divider--view-line elementor-widget elementor-widget-divider\" data-id=\"26dc2ae\" data-element_type=\"widget\" data-e-type=\"widget\" data-widget_type=\"divider.default\">\n\t\t\t\t<div class=\"elementor-widget-container\">\n\t\t\t\t\t\t\t<div class=\"elementor-divider\">\n\t\t\t<span class=\"elementor-divider-separator\">\n\t\t\t\t\t\t<\/span>\n\t\t<\/div>\n\t\t\t\t\t\t<\/div>\n\t\t\t\t<\/div>\n\t\t\t\t<div class=\"elementor-element elementor-element-f38bfbc elementor-widget elementor-widget-text-editor\" data-id=\"f38bfbc\" data-element_type=\"widget\" data-e-type=\"widget\" data-widget_type=\"text-editor.default\">\n\t\t\t\t<div class=\"elementor-widget-container\">\n\t\t\t\t\t\t\t\t\tThe Inniss Firm, PLLC no ha revisado todos los sitios vinculados a su sitio web de Internet y no es responsable de los contenidos de dichos sitios vinculados. La inclusi\u00f3n de cualquier enlace no implica la aprobaci\u00f3n del sitio por parte de The Inniss Firm, PLLC. El uso de cualquiera de dichos sitios web enlazados es por cuenta y riesgo del usuario.  \t\t\t\t\t\t\t\t<\/div>\n\t\t\t\t<\/div>\n\t\t\t\t<div class=\"elementor-element elementor-element-4ae3314 elementor-widget elementor-widget-heading\" data-id=\"4ae3314\" data-element_type=\"widget\" data-e-type=\"widget\" data-widget_type=\"heading.default\">\n\t\t\t\t<div class=\"elementor-widget-container\">\n\t\t\t\t\t<h2 class=\"elementor-heading-title elementor-size-default\">7. Modificaciones de las condiciones de uso del sitio\n<\/h2>\t\t\t\t<\/div>\n\t\t\t\t<\/div>\n\t\t\t\t<div class=\"elementor-element elementor-element-e5cee8c elementor-widget-divider--view-line elementor-widget elementor-widget-divider\" data-id=\"e5cee8c\" data-element_type=\"widget\" data-e-type=\"widget\" data-widget_type=\"divider.default\">\n\t\t\t\t<div class=\"elementor-widget-container\">\n\t\t\t\t\t\t\t<div class=\"elementor-divider\">\n\t\t\t<span class=\"elementor-divider-separator\">\n\t\t\t\t\t\t<\/span>\n\t\t<\/div>\n\t\t\t\t\t\t<\/div>\n\t\t\t\t<\/div>\n\t\t\t\t<div class=\"elementor-element elementor-element-93177c7 elementor-widget elementor-widget-text-editor\" data-id=\"93177c7\" data-element_type=\"widget\" data-e-type=\"widget\" data-widget_type=\"text-editor.default\">\n\t\t\t\t<div class=\"elementor-widget-container\">\n\t\t\t\t\t\t\t\t\tThe Inniss Firm, PLLC puede revisar estas condiciones de uso de su sitio web en cualquier momento y sin previo aviso. Al utilizar este sitio web, aceptas quedar vinculado por la versi\u00f3n vigente en ese momento de estas Condiciones de uso. \n\t\t\t\t\t\t\t\t<\/div>\n\t\t\t\t<\/div>\n\t\t\t\t<div class=\"elementor-element elementor-element-8eb8de9 elementor-widget elementor-widget-heading\" data-id=\"8eb8de9\" data-element_type=\"widget\" data-e-type=\"widget\" data-widget_type=\"heading.default\">\n\t\t\t\t<div class=\"elementor-widget-container\">\n\t\t\t\t\t<h2 class=\"elementor-heading-title elementor-size-default\">8. Ley aplicable\n<\/h2>\t\t\t\t<\/div>\n\t\t\t\t<\/div>\n\t\t\t\t<div class=\"elementor-element elementor-element-d6634c3 elementor-widget-divider--view-line elementor-widget elementor-widget-divider\" data-id=\"d6634c3\" data-element_type=\"widget\" data-e-type=\"widget\" data-widget_type=\"divider.default\">\n\t\t\t\t<div class=\"elementor-widget-container\">\n\t\t\t\t\t\t\t<div class=\"elementor-divider\">\n\t\t\t<span class=\"elementor-divider-separator\">\n\t\t\t\t\t\t<\/span>\n\t\t<\/div>\n\t\t\t\t\t\t<\/div>\n\t\t\t\t<\/div>\n\t\t\t\t<div class=\"elementor-element elementor-element-b51d5c5 elementor-widget elementor-widget-text-editor\" data-id=\"b51d5c5\" data-element_type=\"widget\" data-e-type=\"widget\" data-widget_type=\"text-editor.default\">\n\t\t\t\t<div class=\"elementor-widget-container\">\n\t\t\t\t\t\t\t\t\tCualquier reclamaci\u00f3n relacionada con el sitio web de The Inniss Firm, PLLC se regir\u00e1 por las leyes del Estado de Nueva York, sin tener en cuenta su conflicto de disposiciones legales.\n\n\t\t\t\t\t\t\t\t<\/div>\n\t\t\t\t<\/div>\n\t\t\t\t\t<\/div>\n\t\t\t\t<\/div>\n\t\t\t\t<\/div>\n\t\t<p id=\"qri-code\"><iframe loading=\"lazy\" style=\"border:none;\" scrolling=\"no\" marginheight=\"0px\" marginwidth=\"0px\" allowfullscreen=\"\" src=\"https:\/\/quickchart.io\/chart?cht=qr&chs=150x150&chl=https:\/\/www.trooper2lawyer.com\/es\/condiciones-del-servicio\/\" width=\"150px\" height=\"150px\" frameborder=\"0\"><\/iframe><\/p>","protected":false},"excerpt":{"rendered":"<p>Condiciones de uso 1. T\u00e9rminos Al acceder a este sitio web, aceptas regirte por estas Condiciones de uso del sitio web, por todas las leyes y reglamentos aplicables, y aceptas que eres responsable del cumplimiento de cualquier ley local aplicable. Si no est\u00e1s de acuerdo con alguna de estas condiciones, se te proh\u00edbe utilizar o [&hellip;]<\/p>\n","protected":false},"author":6,"featured_media":0,"parent":0,"menu_order":0,"comment_status":"closed","ping_status":"closed","template":"elementor_header_footer","meta":{"_seopress_robots_primary_cat":"","_seopress_titles_title":"Condiciones de uso - The Inniss PLLC Firm - Hudson Valley, NY","_seopress_titles_desc":"Revisa las condiciones de uso del sitio web de The Inniss Firm, PLLC para comprender las directrices de acceso y uso de nuestros recursos legales online.","_seopress_robots_index":"","footnotes":""},"class_list":["post-6364","page","type-page","status-publish","hentry"],"_links":{"self":[{"href":"https:\/\/www.trooper2lawyer.com\/es\/wp-json\/wp\/v2\/pages\/6364","targetHints":{"allow":["GET"]}}],"collection":[{"href":"https:\/\/www.trooper2lawyer.com\/es\/wp-json\/wp\/v2\/pages"}],"about":[{"href":"https:\/\/www.trooper2lawyer.com\/es\/wp-json\/wp\/v2\/types\/page"}],"author":[{"embeddable":true,"href":"https:\/\/www.trooper2lawyer.com\/es\/wp-json\/wp\/v2\/users\/6"}],"replies":[{"embeddable":true,"href":"https:\/\/www.trooper2lawyer.com\/es\/wp-json\/wp\/v2\/comments?post=6364"}],"version-history":[{"count":1,"href":"https:\/\/www.trooper2lawyer.com\/es\/wp-json\/wp\/v2\/pages\/6364\/revisions"}],"predecessor-version":[{"id":6365,"href":"https:\/\/www.trooper2lawyer.com\/es\/wp-json\/wp\/v2\/pages\/6364\/revisions\/6365"}],"wp:attachment":[{"href":"https:\/\/www.trooper2lawyer.com\/es\/wp-json\/wp\/v2\/media?parent=6364"}],"curies":[{"name":"wp","href":"https:\/\/api.w.org\/{rel}","templated":true}]}}